{"id":352,"date":"2023-10-13T18:45:48","date_gmt":"2023-10-13T16:45:48","guid":{"rendered":"https:\/\/nagyboldogasszony.hu\/?page_id=352"},"modified":"2026-04-12T17:24:06","modified_gmt":"2026-04-12T15:24:06","slug":"elementor-352","status":"publish","type":"page","link":"https:\/\/nagyboldogasszony.hu\/","title":{"rendered":"F\u0151oldal"},"content":{"rendered":"\t\t<div data-elementor-type=\"wp-page\" data-elementor-id=\"352\" class=\"elementor elementor-352\">\n\t\t\t\t\t\t<section class=\"elementor-section elementor-top-section elementor-element elementor-element-7ed86d98 elementor-section-boxed elementor-section-height-default elementor-section-height-default\" data-id=\"7ed86d98\" data-element_type=\"section\" data-e-type=\"section\" data-settings=\"{&quot;background_background&quot;:&quot;classic&quot;}\">\n\t\t\t\t\t\t\t<div class=\"elementor-background-overlay\"><\/div>\n\t\t\t\t\t\t\t<div class=\"elementor-container elementor-column-gap-default\">\n\t\t\t\t\t<div class=\"elementor-column elementor-col-100 elementor-top-column elementor-element elementor-element-731176e\" data-id=\"731176e\" data-element_type=\"column\" data-e-type=\"column\">\n\t\t\t<div class=\"elementor-widget-wrap elementor-element-populated\">\n\t\t\t\t\t\t<div class=\"elementor-element elementor-element-781a6227 elementor-widget elementor-widget-heading\" data-id=\"781a6227\" data-element_type=\"widget\" data-e-type=\"widget\" data-widget_type=\"heading.default\">\n\t\t\t\t<div class=\"elementor-widget-container\">\n\t\t\t\t\t<h2 class=\"elementor-heading-title elementor-size-default\">Gy\u0151r-M\u00e9nf\u0151i R\u00f3mai Katolikus Pl\u00e9b\u00e1nia<\/h2>\t\t\t\t<\/div>\n\t\t\t\t<\/div>\n\t\t\t\t\t<\/div>\n\t\t<\/div>\n\t\t\t\t\t<\/div>\n\t\t<\/section>\n\t\t\t\t<section class=\"elementor-section elementor-top-section elementor-element elementor-element-4fe92507 elementor-section-boxed elementor-section-height-default elementor-section-height-default\" data-id=\"4fe92507\" data-element_type=\"section\" data-e-type=\"section\" data-settings=\"{&quot;background_background&quot;:&quot;classic&quot;}\">\n\t\t\t\t\t\t<div class=\"elementor-container elementor-column-gap-default\">\n\t\t\t\t\t<div class=\"elementor-column elementor-col-100 elementor-top-column elementor-element elementor-element-65889b34\" data-id=\"65889b34\" data-element_type=\"column\" data-e-type=\"column\">\n\t\t\t<div class=\"elementor-widget-wrap elementor-element-populated\">\n\t\t\t\t\t\t<div class=\"elementor-element elementor-element-69f51ca1 elementor-widget elementor-widget-heading\" data-id=\"69f51ca1\" data-element_type=\"widget\" data-e-type=\"widget\" data-widget_type=\"heading.default\">\n\t\t\t\t<div class=\"elementor-widget-container\">\n\t\t\t\t\t<h2 class=\"elementor-heading-title elementor-size-default\">M\u00e9nf\u0151i Nagyboldogasszony-templom<\/h2>\t\t\t\t<\/div>\n\t\t\t\t<\/div>\n\t\t\t\t\t<\/div>\n\t\t<\/div>\n\t\t\t\t\t<\/div>\n\t\t<\/section>\n\t\t\t\t<section class=\"elementor-section elementor-top-section elementor-element elementor-element-2c9f2e54 elementor-section-height-min-height animated-slow elementor-section-boxed elementor-section-height-default elementor-section-items-middle elementor-invisible\" data-id=\"2c9f2e54\" data-element_type=\"section\" data-e-type=\"section\" data-settings=\"{&quot;animation&quot;:&quot;fadeIn&quot;,&quot;background_background&quot;:&quot;classic&quot;}\">\n\t\t\t\t\t\t\t<div class=\"elementor-background-overlay\"><\/div>\n\t\t\t\t\t\t\t<div class=\"elementor-container elementor-column-gap-default\">\n\t\t\t\t\t<div class=\"elementor-column elementor-col-100 elementor-top-column elementor-element elementor-element-307ef685\" data-id=\"307ef685\" data-element_type=\"column\" data-e-type=\"column\">\n\t\t\t<div class=\"elementor-widget-wrap\">\n\t\t\t\t\t\t\t<\/div>\n\t\t<\/div>\n\t\t\t\t\t<\/div>\n\t\t<\/section>\n\t\t\t\t<section class=\"elementor-section elementor-top-section elementor-element elementor-element-655df55 animated-slow elementor-section-boxed elementor-section-height-default elementor-section-height-default elementor-invisible\" data-id=\"655df55\" data-element_type=\"section\" data-e-type=\"section\" data-settings=\"{&quot;animation&quot;:&quot;fadeIn&quot;,&quot;animation_delay&quot;:5}\">\n\t\t\t\t\t\t<div class=\"elementor-container elementor-column-gap-default\">\n\t\t\t\t\t<div class=\"elementor-column elementor-col-100 elementor-top-column elementor-element elementor-element-1025aea\" data-id=\"1025aea\" data-element_type=\"column\" data-e-type=\"column\">\n\t\t\t<div class=\"elementor-widget-wrap elementor-element-populated\">\n\t\t\t\t\t\t<div class=\"elementor-element elementor-element-33b1388 elementor-widget elementor-widget-text-editor\" data-id=\"33b1388\" data-element_type=\"widget\" data-e-type=\"widget\" data-widget_type=\"text-editor.default\">\n\t\t\t\t<div class=\"elementor-widget-container\">\n\t\t\t\t\t\t\t\t\t<h1>Hirdet\u00e9sek<\/h1><p>2026. \u00e1prilis 12.<\/p><p>1. Szentmis\u00e9k sorrendje: H\u00e9tf\u0151 reggel 7 \u00f3rakor, cs\u00fct\u00f6rt\u00f6k\u00f6n este 7 \u00f3rakor mise. Szombaton este 7 \u00f3rakor, vas\u00e1rnap d\u00e9lel\u0151tt f\u00e9l 9-kor H\u00fasv\u00e9t 3. vas\u00e1rnapj\u00e1nak szentmis\u00e9je. Cs\u00fct\u00f6rt\u00f6k\u00f6n este 6-7 \u00f3ra k\u00f6z\u00f6tt szents\u00e9gim\u00e1d\u00e1s, alatta gy\u00f3n\u00e1si lehet\u0151s\u00e9g.<br \/>2. H\u00e9tf\u0151n Szent I.M\u00e1rton p\u00e1pa \u00e9s v\u00e9rtan\u00fa eml\u00e9kezete.<br \/>3. Szombaton este git\u00e1ros mise lesz, szeretettel h\u00edvom a csal\u00e1dokat!<br \/>4. Felh\u00edvjuk a sz\u00fcl\u0151k figyelm\u00e9t a k\u00f6zelg\u0151 \u00e1ltal\u00e1nos iskolai beiratkoz\u00e1sn\u00e1l, hogy gyermekeik beirat\u00e1sakor a katolikus hitoktat\u00e1s v\u00e1laszt\u00e1sa hitbeli k\u00f6teless\u00e9g\u00fck. Term\u00e9szetesen azok a gyermekek is j\u00e1rhatnak hittanra, akik m\u00e9g nincsenek megkeresztelve.<br \/>5. A K\u00f6nnyez\u0151 Sz\u0171zanya tisztelet\u00e9re, minden h\u00f3nap 17-\u00e9n szentmis\u00e9t mutatunk be a Nagyboldogasszony-sz\u00e9kesegyh\u00e1zban, amelyet papi- \u00e9s szerzetesi hivat\u00e1sok\u00e9rt aj\u00e1nlunk fel. Ezekre a szentmis\u00e9kre az Egyh\u00e1zmegye egy-egy papj\u00e1t h\u00edvjuk szentel\u00e9si sorrendben, a legid\u0151sebbekkel kezdve. \u00c1prilis 17-\u00e9n, p\u00e9nteken, 18:00 \u00f3rakor Veres Andr\u00e1s p\u00fcsp\u00f6k atya mutatja be a szentmis\u00e9t, a szentbesz\u00e9det Rad\u00f3 Tam\u00e1s kapuv\u00e1ri pl\u00e9b\u00e1nos, ker\u00fcleti esperes mondja. A szentmise v\u00e9g\u00e9n a Kegyolt\u00e1r el\u0151tt M\u00e1ria-k\u00f6sz\u00f6nt\u0151t im\u00e1dkozunk. Szeretettel v\u00e1rjuk testv\u00e9reinket, hogy min\u00e9l t\u00f6bben k\u00e9rj\u00fck az arat\u00e1s Ur\u00e1t, h\u00edvjon \u00e9s k\u00fcldj\u00f6n munk\u00e1sokat arat\u00e1s\u00e1ba.<\/p><p><img fetchpriority=\"high\" decoding=\"async\" class=\"aligncenter size-full wp-image-2515\" src=\"https:\/\/nagyboldogasszony.hu\/wp-content\/uploads\/2026\/04\/GITAROS-SZENTMISE-1.jpg\" alt=\"\" width=\"940\" height=\"788\" srcset=\"https:\/\/nagyboldogasszony.hu\/wp-content\/uploads\/2026\/04\/GITAROS-SZENTMISE-1.jpg 940w, https:\/\/nagyboldogasszony.hu\/wp-content\/uploads\/2026\/04\/GITAROS-SZENTMISE-1-300x251.jpg 300w, https:\/\/nagyboldogasszony.hu\/wp-content\/uploads\/2026\/04\/GITAROS-SZENTMISE-1-768x644.jpg 768w\" sizes=\"(max-width: 940px) 100vw, 940px\" \/><\/p><p>\u00a0<\/p><p><img decoding=\"async\" class=\"aligncenter size-large wp-image-2514\" src=\"https:\/\/nagyboldogasszony.hu\/wp-content\/uploads\/2026\/04\/hittanos-plakat-tajekoztatohoz-725x1024.jpg\" alt=\"\" width=\"725\" height=\"1024\" srcset=\"https:\/\/nagyboldogasszony.hu\/wp-content\/uploads\/2026\/04\/hittanos-plakat-tajekoztatohoz-725x1024.jpg 725w, https:\/\/nagyboldogasszony.hu\/wp-content\/uploads\/2026\/04\/hittanos-plakat-tajekoztatohoz-212x300.jpg 212w, https:\/\/nagyboldogasszony.hu\/wp-content\/uploads\/2026\/04\/hittanos-plakat-tajekoztatohoz-768x1085.jpg 768w, https:\/\/nagyboldogasszony.hu\/wp-content\/uploads\/2026\/04\/hittanos-plakat-tajekoztatohoz-1087x1536.jpg 1087w, https:\/\/nagyboldogasszony.hu\/wp-content\/uploads\/2026\/04\/hittanos-plakat-tajekoztatohoz.jpg 1241w\" sizes=\"(max-width: 725px) 100vw, 725px\" \/><\/p><p>\u00a0<\/p><p>\u00a0<\/p><p><span style=\"font-family: inherit; font-size: 42px; font-style: inherit;\">Git\u00e1ros szentmis\u00e9k<\/span><\/p><p><span style=\"font-size: inherit;\">Templomunk git\u00e1ros zenekara 2014-ben alakult, \u00e1ltal\u00e1nosan minden h\u00f3nap utols\u00f3 szombatj\u00e1n teljes\u00edt zenei szolg\u00e1latot a tan\u00e9v idej\u00e9n. <\/span><\/p><p>Szolg\u00e1latok id\u0151pontjai:<br \/>-2026. janu\u00e1r 31. szombat 18:00<br \/>-2026. febru\u00e1r 28. szombat 18:00<br \/>-2026. m\u00e1rcius 21. szombat 18:00<br \/>-2026. \u00e1prilis 18. szombat 19:00<\/p><div><h1>Egyh\u00e1zk\u00f6zs\u00e9gi hozz\u00e1j\u00e1rul\u00e1s<\/h1><p>Az egyh\u00e1zk\u00f6zs\u00e9gi hozz\u00e1j\u00e1rul\u00e1s rendez\u00e9s\u00e9re szem\u00e9lyesen a pl\u00e9b\u00e1niai irod\u00e1n, az egyh\u00e1zi ad\u00f3szed\u0151n\u00e9l, illetve banksz\u00e1ml\u00e1ra utal\u00e1ssal van lehet\u0151s\u00e9g. A banki utal\u00e1sn\u00e1l a k\u00f6zlem\u00e9nyben k\u00e9rj\u00fck felt\u00fcntetni a k\u00f6vetkez\u0151ket: befizet\u0151 nev\u00e9t, befizet\u0151 lakc\u00edm\u00e9t, rendezni k\u00edv\u00e1nt \u00e9vsz\u00e1mot\/\u00e9vsz\u00e1mokat, utal\u00e1s sz\u00e1nd\u00e9k\u00e1t: egyh\u00e1zk\u00f6zs\u00e9gi hozz\u00e1j\u00e1rul\u00e1s. Az \u00f6nk\u00e9ntes egyh\u00e1zi hozz\u00e1j\u00e1rul\u00e1s \u00f6sszege a Gy\u0151ri Egyh\u00e1zmegye Tan\u00e1csosainak Test\u00fclete javaslata alapj\u00e1n 2024-t\u0151l: nyugd\u00edjasok sz\u00e1m\u00e1ra \u00e9vi 4.000 Ft\/\u00e9v, keres\u0151k sz\u00e1m\u00e1ra \u00e9vi 6.000 Ft\/\u00e9v.<\/p><p>Kedvezm\u00e9nyezett: Gy\u0151r-M\u00e9nf\u0151i R\u00f3mai Katolikus Pl\u00e9b\u00e1nia<br \/>Banksz\u00e1mlasz\u00e1m: 59200037-15300227<br \/>Sz\u00e1mlavezet\u0151 bank: MBH Bank Nyrt.<\/p><p>\u00d6nzletlen adom\u00e1nyaikat h\u00e1l\u00e1s sz\u00edvvel k\u00f6sz\u00f6nj\u00fck!<\/p><\/div>\t\t\t\t\t\t\t\t<\/div>\n\t\t\t\t<\/div>\n\t\t\t\t\t<\/div>\n\t\t<\/div>\n\t\t\t\t\t<\/div>\n\t\t<\/section>\n\t\t\t\t<section class=\"elementor-section elementor-top-section elementor-element elementor-element-4eb77f2 elementor-section-boxed elementor-section-height-default elementor-section-height-default\" data-id=\"4eb77f2\" data-element_type=\"section\" data-e-type=\"section\">\n\t\t\t\t\t\t<div class=\"elementor-container elementor-column-gap-default\">\n\t\t\t\t\t<div class=\"elementor-column elementor-col-100 elementor-top-column elementor-element elementor-element-cdd3dbe\" data-id=\"cdd3dbe\" data-element_type=\"column\" data-e-type=\"column\">\n\t\t\t<div class=\"elementor-widget-wrap elementor-element-populated\">\n\t\t\t\t\t\t<div class=\"elementor-element elementor-element-afcd70c elementor-widget elementor-widget-video\" data-id=\"afcd70c\" data-element_type=\"widget\" data-e-type=\"widget\" data-settings=\"{&quot;youtube_url&quot;:&quot;https:\\\/\\\/www.youtube.com\\\/watch?v=DIrDjkYfFb4&amp;t=345s&quot;,&quot;video_type&quot;:&quot;youtube&quot;,&quot;controls&quot;:&quot;yes&quot;}\" data-widget_type=\"video.default\">\n\t\t\t\t<div class=\"elementor-widget-container\">\n\t\t\t\t\t\t\t<div class=\"elementor-wrapper elementor-open-inline\">\n\t\t\t<div class=\"elementor-video\"><\/div>\t\t<\/div>\n\t\t\t\t\t\t<\/div>\n\t\t\t\t<\/div>\n\t\t\t\t\t<\/div>\n\t\t<\/div>\n\t\t\t\t\t<\/div>\n\t\t<\/section>\n\t\t\t\t<section class=\"elementor-section elementor-top-section elementor-element elementor-element-b0e70dc elementor-section-boxed elementor-section-height-default elementor-section-height-default\" data-id=\"b0e70dc\" data-element_type=\"section\" data-e-type=\"section\">\n\t\t\t\t\t\t<div class=\"elementor-container elementor-column-gap-default\">\n\t\t\t\t\t<div class=\"elementor-column elementor-col-100 elementor-top-column elementor-element elementor-element-5af1e11\" data-id=\"5af1e11\" data-element_type=\"column\" data-e-type=\"column\">\n\t\t\t<div class=\"elementor-widget-wrap elementor-element-populated\">\n\t\t\t\t\t\t<div class=\"elementor-element elementor-element-8fd048b elementor-widget elementor-widget-spacer\" data-id=\"8fd048b\" data-element_type=\"widget\" data-e-type=\"widget\" data-widget_type=\"spacer.default\">\n\t\t\t\t<div class=\"elementor-widget-container\">\n\t\t\t\t\t\t\t<div class=\"elementor-spacer\">\n\t\t\t<div class=\"elementor-spacer-inner\"><\/div>\n\t\t<\/div>\n\t\t\t\t\t\t<\/div>\n\t\t\t\t<\/div>\n\t\t\t\t\t<\/div>\n\t\t<\/div>\n\t\t\t\t\t<\/div>\n\t\t<\/section>\n\t\t\t\t<section class=\"elementor-section elementor-top-section elementor-element elementor-element-76f9423 elementor-section-boxed elementor-section-height-default elementor-section-height-default\" data-id=\"76f9423\" data-element_type=\"section\" data-e-type=\"section\" data-settings=\"{&quot;background_background&quot;:&quot;classic&quot;}\">\n\t\t\t\t\t\t<div class=\"elementor-container elementor-column-gap-default\">\n\t\t\t\t\t<div class=\"elementor-column elementor-col-100 elementor-top-column elementor-element elementor-element-6b171be\" data-id=\"6b171be\" data-element_type=\"column\" data-e-type=\"column\">\n\t\t\t<div class=\"elementor-widget-wrap elementor-element-populated\">\n\t\t\t\t\t\t<div class=\"elementor-element elementor-element-0fc08a3 elementor-view-default elementor-widget elementor-widget-icon\" data-id=\"0fc08a3\" data-element_type=\"widget\" data-e-type=\"widget\" data-widget_type=\"icon.default\">\n\t\t\t\t<div class=\"elementor-widget-container\">\n\t\t\t\t\t\t\t<div class=\"elementor-icon-wrapper\">\n\t\t\t<a class=\"elementor-icon elementor-animation-pulse\" href=\"https:\/\/www.facebook.com\/menfoiplebania\" target=\"_blank\">\n\t\t\t<i aria-hidden=\"true\" class=\"fab fa-facebook\"><\/i>\t\t\t<\/a>\n\t\t<\/div>\n\t\t\t\t\t\t<\/div>\n\t\t\t\t<\/div>\n\t\t\t\t\t<\/div>\n\t\t<\/div>\n\t\t\t\t\t<\/div>\n\t\t<\/section>\n\t\t\t\t<section class=\"elementor-section elementor-top-section elementor-element elementor-element-d6fe435 elementor-section-boxed elementor-section-height-default elementor-section-height-default\" data-id=\"d6fe435\" data-element_type=\"section\" data-e-type=\"section\">\n\t\t\t\t\t\t<div class=\"elementor-container elementor-column-gap-default\">\n\t\t\t\t\t<div class=\"elementor-column elementor-col-100 elementor-top-column elementor-element elementor-element-bbc9a51\" data-id=\"bbc9a51\" data-element_type=\"column\" data-e-type=\"column\">\n\t\t\t<div class=\"elementor-widget-wrap elementor-element-populated\">\n\t\t\t\t\t\t<div class=\"elementor-element elementor-element-f11e2f3 elementor-widget elementor-widget-spacer\" data-id=\"f11e2f3\" data-element_type=\"widget\" data-e-type=\"widget\" data-widget_type=\"spacer.default\">\n\t\t\t\t<div class=\"elementor-widget-container\">\n\t\t\t\t\t\t\t<div class=\"elementor-spacer\">\n\t\t\t<div class=\"elementor-spacer-inner\"><\/div>\n\t\t<\/div>\n\t\t\t\t\t\t<\/div>\n\t\t\t\t<\/div>\n\t\t\t\t\t<\/div>\n\t\t<\/div>\n\t\t\t\t\t<\/div>\n\t\t<\/section>\n\t\t\t\t<section class=\"elementor-section elementor-top-section elementor-element elementor-element-11731b0e elementor-section-boxed elementor-section-height-default elementor-section-height-default\" data-id=\"11731b0e\" data-element_type=\"section\" data-e-type=\"section\" data-settings=\"{&quot;background_background&quot;:&quot;classic&quot;}\">\n\t\t\t\t\t\t<div class=\"elementor-container elementor-column-gap-default\">\n\t\t\t\t\t<div class=\"elementor-column elementor-col-100 elementor-top-column elementor-element elementor-element-4edf275b\" data-id=\"4edf275b\" data-element_type=\"column\" data-e-type=\"column\">\n\t\t\t<div class=\"elementor-widget-wrap elementor-element-populated\">\n\t\t\t\t\t\t<div class=\"elementor-element elementor-element-7b59224 elementor-widget elementor-widget-text-editor\" data-id=\"7b59224\" data-element_type=\"widget\" data-e-type=\"widget\" data-widget_type=\"text-editor.default\">\n\t\t\t\t<div class=\"elementor-widget-container\">\n\t\t\t\t\t\t\t\t\t<h1>Kapcsolat<\/h1><p>Gy\u0151r-M\u00e9nf\u0151i R\u00f3mai Katolikus Pl\u00e9b\u00e1nia<br \/>pl\u00e9b\u00e1nos: Bogn\u00e1r Istv\u00e1n atya<br \/>c\u00edm: 9012 Gy\u0151r-M\u00e9nf\u0151csanak, Fekete Istv\u00e1n utca 16.<br \/>e-mail: plebania@nagyboldogasszony.hu<br \/>telefon (iroda nyitva tart\u00e1sa alatt): +36 96 449 239<br \/>mobiltelefon (s\u00fcrg\u0151s esetben \u00e9s beteghez h\u00edv\u00e1skor): +36 30 511 6624<\/p><p>Illet\u00e9kes egyh\u00e1zi k\u00f6zigazgat\u00e1si ter\u00fcleti egys\u00e9gek:<br \/>-p\u00fcsp\u00f6ks\u00e9g: Gy\u0151ri Egyh\u00e1zmegye <span style=\"color: #ffffff;\"><a style=\"color: #ffffff;\" href=\"http:\/\/gyor.egyhazmegye.hu\" target=\"_blank\" rel=\"noopener\">Tov\u00e1bb&gt;&gt;<\/a><\/span><br \/>-esperess\u00e9g: Gy\u0151r K\u00f6rny\u00e9ki Esperesi Ker\u00fclet<\/p><h1>Pl\u00e9b\u00e1niai iroda nyitva tart\u00e1sa<\/h1><p>A hivatalos \u00fcgyek (keresztel\u00e9si igazol\u00e1s kiad\u00e1sa, keresztel\u00e9s \u00e9s h\u00e1zass\u00e1gk\u00f6t\u00e9s sz\u00e1nd\u00e9k\u00e1nak bejelent\u00e9se, egyh\u00e1zk\u00f6zs\u00e9gi hozz\u00e1j\u00e1rul\u00e1s rendez\u00e9se, temet\u00e9s) int\u00e9z\u00e9s\u00e9re a pl\u00e9b\u00e1niai iroda nyitva tart\u00e1sa alatt van lehet\u0151s\u00e9g.<br \/>A pl\u00e9b\u00e1nia bej\u00e1rata a templom jobb oldal\u00e1n tal\u00e1lhat\u00f3.<br \/>Az oldallagosan ell\u00e1tott egyh\u00e1zk\u00f6zs\u00e9gek hivatalos \u00fcgyeinek int\u00e9z\u00e9s\u00e9re is a Gy\u0151r-M\u00e9nf\u0151i R\u00f3mai Katolikus Pl\u00e9b\u00e1ni\u00e1n van lehet\u0151s\u00e9g.<\/p><table style=\"border-collapse: collapse; width: 326px; height: 217px;\" border=\"0\" width=\"128\" cellspacing=\"0\" cellpadding=\"0\"><tbody><tr style=\"height: 14.4pt;\"><td style=\"height: 14.4pt; width: 48pt;\" width=\"64\" height=\"19\">h\u00e9tf\u0151<\/td><td style=\"width: 48pt;\" width=\"64\">08:00-10:00<\/td><\/tr><tr style=\"height: 14.4pt;\"><td style=\"height: 14.4pt;\" height=\"19\">kedd<\/td><td>z\u00e1rva<\/td><\/tr><tr style=\"height: 14.4pt;\"><td style=\"height: 14.4pt;\" height=\"19\">szerda<\/td><td>z\u00e1rva<\/td><\/tr><tr style=\"height: 14.4pt;\"><td style=\"height: 14.4pt;\" height=\"19\">cs\u00fct\u00f6rt\u00f6k<\/td><td>08:00-10:00<br \/>16:00-17:00<strong>*<\/strong><\/td><\/tr><tr style=\"height: 14.4pt;\"><td style=\"height: 14.4pt;\" height=\"19\">p\u00e9ntek<\/td><td>z\u00e1rva<\/td><\/tr><\/tbody><\/table><p>* J\u00falius \u00e9s augusztus h\u00f3napban az iroda cs\u00fct\u00f6rt\u00f6k d\u00e9lut\u00e1n z\u00e1rva<\/p><h1>Oldallagosan ell\u00e1tott egyh\u00e1zk\u00f6zs\u00e9gek<\/h1><p>Gy\u0151rszemere-Nagyszentp\u00e1l (Szent P\u00e1l megt\u00e9r\u00e9se-k\u00e1polna)<br \/>Koronc\u00f3 (Szent Anna-templom)<br \/>Sokor\u00f3p\u00e1tka (Magyarok Nagyasszonya-templom)<br \/>T\u00e9ny\u0151 (Sarl\u00f3s Boldogasszony-templom)<\/p>\t\t\t\t\t\t\t\t<\/div>\n\t\t\t\t<\/div>\n\t\t\t\t\t<\/div>\n\t\t<\/div>\n\t\t\t\t\t<\/div>\n\t\t<\/section>\n\t\t\t\t<section class=\"elementor-section elementor-top-section elementor-element elementor-element-b2299fe elementor-section-boxed elementor-section-height-default elementor-section-height-default\" data-id=\"b2299fe\" data-element_type=\"section\" data-e-type=\"section\" data-settings=\"{&quot;background_background&quot;:&quot;classic&quot;}\">\n\t\t\t\t\t\t<div class=\"elementor-container elementor-column-gap-default\">\n\t\t\t\t\t<div class=\"elementor-column elementor-col-100 elementor-top-column elementor-element elementor-element-0524865\" data-id=\"0524865\" data-element_type=\"column\" data-e-type=\"column\">\n\t\t\t<div class=\"elementor-widget-wrap elementor-element-populated\">\n\t\t\t\t\t\t<div class=\"elementor-element elementor-element-912e2a4 elementor-widget elementor-widget-text-editor\" data-id=\"912e2a4\" data-element_type=\"widget\" data-e-type=\"widget\" data-widget_type=\"text-editor.default\">\n\t\t\t\t<div class=\"elementor-widget-container\">\n\t\t\t\t\t\t\t\t\t<p>\u00a0<\/p><h1>\u00d6sszes\u00edtett \u00e1ltal\u00e1nos miserend<\/h1><p><span style=\"color: #ff0000;\"><strong>FIGYELEM! Az itt olvashat\u00f3 \u00e1ltal\u00e1nos miserend 2026. \u00e1prilis 2. nagycs\u00fct\u00f6rt\u00f6k \u00e9s 2026. \u00e1prilis 6. h\u00fasv\u00e9th\u00e9tf\u0151 k\u00f6z\u00f6tt nem \u00e9rv\u00e9nyes! Az \u00fcnnepi miserend plak\u00e1tja fentebb tal\u00e1lhat\u00f3.<\/strong><\/span><\/p><table><tbody><tr><td width=\"135\"><p><strong>M\u00e9nf\u0151<br \/><\/strong>Nagyboldogasszony-templom<\/p><\/td><td width=\"214\"><p>h\u00e9tf\u0151 07:00<br \/>cs\u00fct\u00f6rt\u00f6k 19:00<br \/>szombat 19:00<br \/>vas\u00e1rnap 08:30<\/p><p>Szents\u00e9gim\u00e1d\u00e1s \u00e9s gy\u00f3ntat\u00e1s minden cs\u00fct\u00f6rt\u00f6k\u00f6n 18:00-t\u00f3l<\/p><\/td><\/tr><tr><td width=\"135\"><p><strong>Nagyszentp\u00e1l<br \/><\/strong>Szent P\u00e1l megt\u00e9r\u00e9se-k\u00e1polna<\/p><\/td><td width=\"214\"><p>szombat 16:00<\/p><\/td><\/tr><tr><td width=\"135\"><p><strong>Koronc\u00f3<br \/><\/strong>Szent Anna-templom<\/p><\/td><td width=\"214\"><p>szombat 17:30<\/p><\/td><\/tr><tr><td width=\"135\"><p><strong>Sokor\u00f3p\u00e1tka<br \/><\/strong>Magyarok Nagyasszonya-templom<\/p><\/td><td width=\"214\"><p>vas\u00e1rnap 11:30<\/p><\/td><\/tr><tr><td width=\"135\"><p><strong>T\u00e9ny\u0151<br \/><\/strong>Sarl\u00f3s Boldogasszony-templom<\/p><\/td><td width=\"214\"><p>vas\u00e1rnap 10:00<\/p><\/td><\/tr><\/tbody><\/table>\t\t\t\t\t\t\t\t<\/div>\n\t\t\t\t<\/div>\n\t\t\t\t<div class=\"elementor-element elementor-element-126ed23 elementor-widget elementor-widget-text-editor\" data-id=\"126ed23\" data-element_type=\"widget\" data-e-type=\"widget\" data-widget_type=\"text-editor.default\">\n\t\t\t\t<div class=\"elementor-widget-container\">\n\t\t\t\t\t\t\t\t\t<p><span style=\"font-family: inherit; font-size: 42px; font-style: inherit;\">Hitoktat\u00e1s<\/span><\/p><p>Az iskolai hit- \u00e9s erk\u00f6lcstan \u00f3r\u00e1kkal, a szents\u00e9gi felk\u00e9sz\u00edt\u0151 foglalkoz\u00e1sokkal (els\u0151\u00e1ldoz\u00e1s, b\u00e9rm\u00e1l\u00e1s), \u00f3vodai hitoktat\u00e1ssal kapcsolatos k\u00e9rd\u00e9sekkel forduljanak f\u0151\u00e1ll\u00e1s\u00fa hitoktat\u00f3inkhoz.<\/p><p>Gomb\u00e1s Andr\u00e1s hitoktat\u00f3<br \/>e-mail: gombasa@nagyboldogasszony.hu<br \/>hitoktat\u00e1si ter\u00fclet:<br \/>-Gy\u0151r-M\u00e9nf\u0151i R\u00f3mai Katolikus Pl\u00e9b\u00e1nia (Gy\u0151ri M\u00e9nf\u0151csanaki Pet\u0151fi S\u00e1ndor \u00c1ltal\u00e1nos Iskola, M\u00e9nf\u0151csanaki \u00d3voda)<br \/>-Koronc\u00f3i R\u00f3mai Katolikus Pl\u00e9b\u00e1nia (Koronc\u00f3i II. R\u00e1k\u00f3czi Ferenc \u00c1ltal\u00e1nos Iskola, Koronc\u00f3i Tulip\u00e1nos \u00d3voda)<\/p><p>S\u00e1ri L\u00e1szl\u00f3n\u00e9 hitoktat\u00f3<br \/>hitoktat\u00e1si ter\u00fclet:<br \/>-Sokor\u00f3p\u00e1tkai R\u00f3mai Katolikus Pl\u00e9b\u00e1nia (Sokor\u00f3p\u00e1tkai \u00c1ltal\u00e1nos Iskola, Sokor\u00f3p\u00e1tkai \u00d3voda)<br \/>-T\u00e9ny\u0151i R\u00f3mai Katolikus Pl\u00e9b\u00e1nia (T\u00e9ny\u0151i Ady Endre \u00c1ltal\u00e1nos Iskola, T\u00e9ny\u0151i Szent Erzs\u00e9bet \u00d3voda)<\/p>\t\t\t\t\t\t\t\t<\/div>\n\t\t\t\t<\/div>\n\t\t\t\t\t<\/div>\n\t\t<\/div>\n\t\t\t\t\t<\/div>\n\t\t<\/section>\n\t\t\t\t<section class=\"elementor-section elementor-top-section elementor-element elementor-element-6eb522d3 elementor-section-height-min-height elementor-section-boxed elementor-section-height-default elementor-section-items-middle\" data-id=\"6eb522d3\" data-element_type=\"section\" data-e-type=\"section\" data-settings=\"{&quot;background_background&quot;:&quot;classic&quot;}\">\n\t\t\t\t\t\t<div class=\"elementor-container elementor-column-gap-default\">\n\t\t\t\t\t<div class=\"elementor-column elementor-col-100 elementor-top-column elementor-element elementor-element-567791fe\" data-id=\"567791fe\" data-element_type=\"column\" data-e-type=\"column\">\n\t\t\t<div class=\"elementor-widget-wrap\">\n\t\t\t\t\t\t\t<\/div>\n\t\t<\/div>\n\t\t\t\t\t<\/div>\n\t\t<\/section>\n\t\t\t\t<\/div>\n\t\t","protected":false},"excerpt":{"rendered":"<p>Gy\u0151r-M\u00e9nf\u0151i R\u00f3mai Katolikus Pl\u00e9b\u00e1nia M\u00e9nf\u0151i Nagyboldogasszony-templom Hirdet\u00e9sek 2026. \u00e1prilis 12. 1. Szentmis\u00e9k sorrendje: H\u00e9tf\u0151 reggel 7 \u00f3rakor, cs\u00fct\u00f6rt\u00f6k\u00f6n este 7 \u00f3rakor mise. Szombaton este 7 \u00f3rakor, vas\u00e1rnap d\u00e9lel\u0151tt f\u00e9l 9-kor H\u00fasv\u00e9t 3. vas\u00e1rnapj\u00e1nak szentmis\u00e9je. Cs\u00fct\u00f6rt\u00f6k\u00f6n este 6-7 \u00f3ra k\u00f6z\u00f6tt szents\u00e9gim\u00e1d\u00e1s, alatta gy\u00f3n\u00e1si lehet\u0151s\u00e9g.2. H\u00e9tf\u0151n Szent I.M\u00e1rton p\u00e1pa \u00e9s v\u00e9rtan\u00fa eml\u00e9kezete.3. Szombaton este git\u00e1ros mise lesz, &#8230; <a title=\"F\u0151oldal\" class=\"read-more\" href=\"https:\/\/nagyboldogasszony.hu\/\" aria-label=\"Read more about F\u0151oldal\">Olvass tov\u00e1bb<\/a><\/p>\n","protected":false},"author":1,"featured_media":290,"parent":0,"menu_order":0,"comment_status":"closed","ping_status":"closed","template":"elementor_canvas","meta":{"footnotes":""},"class_list":["post-352","page","type-page","status-publish","has-post-thumbnail"],"_links":{"self":[{"href":"https:\/\/nagyboldogasszony.hu\/index.php?rest_route=\/wp\/v2\/pages\/352","targetHints":{"allow":["GET"]}}],"collection":[{"href":"https:\/\/nagyboldogasszony.hu\/index.php?rest_route=\/wp\/v2\/pages"}],"about":[{"href":"https:\/\/nagyboldogasszony.hu\/index.php?rest_route=\/wp\/v2\/types\/page"}],"author":[{"embeddable":true,"href":"https:\/\/nagyboldogasszony.hu\/index.php?rest_route=\/wp\/v2\/users\/1"}],"replies":[{"embeddable":true,"href":"https:\/\/nagyboldogasszony.hu\/index.php?rest_route=%2Fwp%2Fv2%2Fcomments&post=352"}],"version-history":[{"count":1913,"href":"https:\/\/nagyboldogasszony.hu\/index.php?rest_route=\/wp\/v2\/pages\/352\/revisions"}],"predecessor-version":[{"id":2519,"href":"https:\/\/nagyboldogasszony.hu\/index.php?rest_route=\/wp\/v2\/pages\/352\/revisions\/2519"}],"wp:featuredmedia":[{"embeddable":true,"href":"https:\/\/nagyboldogasszony.hu\/index.php?rest_route=\/wp\/v2\/media\/290"}],"wp:attachment":[{"href":"https:\/\/nagyboldogasszony.hu\/index.php?rest_route=%2Fwp%2Fv2%2Fmedia&parent=352"}],"curies":[{"name":"wp","href":"https:\/\/api.w.org\/{rel}","templated":true}]}}